{"id":609,"date":"2025-02-24T11:36:38","date_gmt":"2025-02-24T10:36:38","guid":{"rendered":"https:\/\/estudioespanol.de\/recursos-para-clase\/"},"modified":"2025-02-24T11:36:38","modified_gmt":"2025-02-24T10:36:38","slug":"recursos-para-clase","status":"publish","type":"page","link":"https:\/\/tiritas.shop\/es\/recursos-para-clase\/","title":{"rendered":"Recursos para clase"},"content":{"rendered":"<p>\u00bfEres profe de espa\u00f1ol? Sabemos que la rutina y la preparaci\u00f3n de nuestros cursos puede ser dif\u00edcil a veces&#8230; Por eso, queremos ayudarte con nuestros materiales y recursos did\u00e1cticos.<\/p>\n<p>\u00bfQu\u00e9 tenemos para ti? Unidades did\u00e1cticas listas para llevar al aula, actividades variadas, recursos interactivos&#8230; \u00a1y muchas cosas m\u00e1s!<\/p>\n","protected":false},"excerpt":{"rendered":"<p>\u00bfEres profe de espa\u00f1ol? Sabemos que la rutina y la preparaci\u00f3n de nuestros cursos puede ser dif\u00edcil a veces&#8230; Por eso, queremos ayudarte con nuestros materiales y recursos did\u00e1cticos. \u00bfQu\u00e9 tenemos para ti? Unidades did\u00e1cticas listas para llevar al aula, actividades variadas, recursos interactivos&#8230; \u00a1y muchas cosas m\u00e1s!<\/p>\n","protected":false},"author":2,"featured_media":0,"parent":0,"menu_order":11,"comment_status":"closed","ping_status":"closed","template":"","meta":{"_acf_changed":false,"inline_featured_image":false,"footnotes":""},"class_list":["post-609","page","type-page","status-publish","hentry"],"acf":[],"_links":{"self":[{"href":"https:\/\/tiritas.shop\/es\/wp-json\/wp\/v2\/pages\/609","targetHints":{"allow":["GET"]}}],"collection":[{"href":"https:\/\/tiritas.shop\/es\/wp-json\/wp\/v2\/pages"}],"about":[{"href":"https:\/\/tiritas.shop\/es\/wp-json\/wp\/v2\/types\/page"}],"author":[{"embeddable":true,"href":"https:\/\/tiritas.shop\/es\/wp-json\/wp\/v2\/users\/2"}],"replies":[{"embeddable":true,"href":"https:\/\/tiritas.shop\/es\/wp-json\/wp\/v2\/comments?post=609"}],"version-history":[{"count":0,"href":"https:\/\/tiritas.shop\/es\/wp-json\/wp\/v2\/pages\/609\/revisions"}],"wp:attachment":[{"href":"https:\/\/tiritas.shop\/es\/wp-json\/wp\/v2\/media?parent=609"}],"curies":[{"name":"wp","href":"https:\/\/api.w.org\/{rel}","templated":true}]}}