{"id":754,"date":"2025-02-24T20:00:42","date_gmt":"2025-02-24T19:00:42","guid":{"rendered":"https:\/\/estudioespanol.de\/aviso-legal\/"},"modified":"2025-07-06T16:50:47","modified_gmt":"2025-07-06T14:50:47","slug":"aviso-legal","status":"publish","type":"page","link":"https:\/\/tiritas.shop\/es\/aviso-legal\/","title":{"rendered":"Aviso legal"},"content":{"rendered":"<p>En cumplimiento con el deber de informaci\u00f3n recogido en art\u00edculo 10 de la Ley 34\/2002, de 11 de julio, de Servicios de la Sociedad de la Informaci\u00f3n y del Comercio Electr\u00f3nico (LSSICE), el propietario de la web , le informa de lo siguiente:<\/p>\n<p>Este portal, cuyo titular es SARA PARDO BALLESTER con NIF: 74000770H domicilio en CALLE MARCEL MIRA, 22 03100 &#8211; JIJOJNA &#8211; ALICANTE, tel\u00e9fono 004915776649955 y con email: info@estudioespanol.de<\/p>\n<h2>Propiedad intelectual e industrial<\/h2>\n<p>El dise\u00f1o del portal y sus c\u00f3digos fuente, as\u00ed como los logos, marcas y dem\u00e1s signos distintivos que aparecen en el mismo pertenecen a SARA PARDO BALLESTER y est\u00e1n protegidos por los correspondientes derechos de propiedad intelectual e industrial.<\/p>\n<h2>Responsabilidad de los contenidos<\/h2>\n<p>SARA PARDO BALLESTER no se hace responsable de la legalidad de otros sitios web de terceros desde los que pueda accederse al portal. SARA PARDO BALLESTER tampoco responde por la legalidad de otros sitios web de terceros, que pudieran estar vinculados o enlazados desde este portal. SARA PARDO BALLESTER se reserva el derecho a realizar cambios en el sitio web sin previo aviso, al objeto de mantener actualizada su informaci\u00f3n, a\u00f1adiendo, modificando, corrigiendo o eliminando los contenidos publicados o el dise\u00f1o del portal. SARA PARDO BALLESTER no ser\u00e1 responsable del uso que terceros hagan de la informaci\u00f3n publicada en el portal, ni tampoco de los da\u00f1os sufridos o p\u00e9rdidas econ\u00f3micas que, de forma directa o indirecta, produzcan o puedan producir perjuicios econ\u00f3micos, materiales o sobre datos, provocados por el uso de dicha informaci\u00f3n.<\/p>\n<h2>Reproducci\u00f3n de contenidos<\/h2>\n<p>Se proh\u00edbe la reproducci\u00f3n total o parcial de los contenidos publicados en el portal a excepci\u00f3n de los contenidos que sean considerados como datos abiertos en la Sede Electr\u00f3nica, publicados seg\u00fan lo previsto en el Real Decreto 1495\/2011, de 24 de octubre.<\/p>\n<h2>Ley aplicable<\/h2>\n<p>La ley aplicable en caso de disputa o conflicto de interpretaci\u00f3n de los t\u00e9rminos que conforman este aviso legal, as\u00ed como cualquier cuesti\u00f3n relacionada con los servicios del presente portal, ser\u00e1 la ley espa\u00f1ola.<\/p>\n","protected":false},"excerpt":{"rendered":"<p>En cumplimiento con el deber de informaci\u00f3n recogido en art\u00edculo 10 de la Ley 34\/2002, de 11 de julio, de Servicios de la Sociedad de la Informaci\u00f3n y del Comercio Electr\u00f3nico (LSSICE), el propietario de la web , le informa de lo siguiente: Este portal, cuyo titular es SARA PARDO BALLESTER con NIF: 74000770H domicilio [&hellip;]<\/p>\n","protected":false},"author":2,"featured_media":0,"parent":0,"menu_order":90,"comment_status":"closed","ping_status":"closed","template":"","meta":{"_acf_changed":false,"inline_featured_image":false,"footnotes":""},"class_list":["post-754","page","type-page","status-publish","hentry"],"acf":[],"_links":{"self":[{"href":"https:\/\/tiritas.shop\/es\/wp-json\/wp\/v2\/pages\/754","targetHints":{"allow":["GET"]}}],"collection":[{"href":"https:\/\/tiritas.shop\/es\/wp-json\/wp\/v2\/pages"}],"about":[{"href":"https:\/\/tiritas.shop\/es\/wp-json\/wp\/v2\/types\/page"}],"author":[{"embeddable":true,"href":"https:\/\/tiritas.shop\/es\/wp-json\/wp\/v2\/users\/2"}],"replies":[{"embeddable":true,"href":"https:\/\/tiritas.shop\/es\/wp-json\/wp\/v2\/comments?post=754"}],"version-history":[{"count":3,"href":"https:\/\/tiritas.shop\/es\/wp-json\/wp\/v2\/pages\/754\/revisions"}],"predecessor-version":[{"id":1281,"href":"https:\/\/tiritas.shop\/es\/wp-json\/wp\/v2\/pages\/754\/revisions\/1281"}],"wp:attachment":[{"href":"https:\/\/tiritas.shop\/es\/wp-json\/wp\/v2\/media?parent=754"}],"curies":[{"name":"wp","href":"https:\/\/api.w.org\/{rel}","templated":true}]}}